{"id":2401,"date":"2023-06-30T12:18:49","date_gmt":"2023-06-30T16:18:49","guid":{"rendered":"https:\/\/barbacki.asban.dev\/experience\/"},"modified":"2024-06-27T10:07:02","modified_gmt":"2024-06-27T14:07:02","slug":"experience","status":"publish","type":"page","link":"https:\/\/barbacki.asban.dev\/fr\/experience\/","title":{"rendered":"Exp\u00e9rience"},"content":{"rendered":"\t\t<div data-elementor-type=\"wp-page\" data-elementor-id=\"2401\" class=\"elementor elementor-2401 elementor-116\" data-elementor-post-type=\"page\">\n\t\t\t\t<div class=\"elementor-element elementor-element-ff4fa98 e-con-full e-flex e-con e-parent\" data-id=\"ff4fa98\" data-element_type=\"container\" data-settings=\"{&quot;background_background&quot;:&quot;classic&quot;}\">\n\t\t<div class=\"elementor-element elementor-element-756acb8 e-flex e-con-boxed elementor-invisible e-con e-child\" data-id=\"756acb8\" data-element_type=\"container\" data-settings=\"{&quot;background_background&quot;:&quot;classic&quot;,&quot;animation&quot;:&quot;fadeIn&quot;,&quot;animation_delay&quot;:500}\">\n\t\t\t\t\t<div class=\"e-con-inner\">\n\t\t<div class=\"elementor-element elementor-element-89efd40 e-con-full e-flex e-con e-child\" data-id=\"89efd40\" data-element_type=\"container\">\n\t\t\t\t<div class=\"elementor-element elementor-element-144347d elementor-widget elementor-widget-heading\" data-id=\"144347d\" data-element_type=\"widget\" data-widget_type=\"heading.default\">\n\t\t\t\t<div class=\"elementor-widget-container\">\n\t\t\t<h1 class=\"elementor-heading-title elementor-size-default\">Exp\u00e9rience<\/h1>\t\t<\/div>\n\t\t\t\t<\/div>\n\t\t\t\t<div class=\"elementor-element elementor-element-5048619 elementor-widget-divider--view-line elementor-widget elementor-widget-divider\" data-id=\"5048619\" data-element_type=\"widget\" data-widget_type=\"divider.default\">\n\t\t\t\t<div class=\"elementor-widget-container\">\n\t\t\t\t\t<div class=\"elementor-divider\">\n\t\t\t<span class=\"elementor-divider-separator\">\n\t\t\t\t\t\t<\/span>\n\t\t<\/div>\n\t\t\t\t<\/div>\n\t\t\t\t<\/div>\n\t\t\t\t<div class=\"elementor-element elementor-element-5b85c43 elementor-widget elementor-widget-heading\" data-id=\"5b85c43\" data-element_type=\"widget\" data-widget_type=\"heading.default\">\n\t\t\t\t<div class=\"elementor-widget-container\">\n\t\t\t<h5 class=\"elementor-heading-title elementor-size-default\">Andrew Barbacki<\/h5>\t\t<\/div>\n\t\t\t\t<\/div>\n\t\t\t\t<div class=\"elementor-element elementor-element-83c9f11 elementor-icon-list--layout-inline elementor-align-left elementor-tablet-align-left elementor-mobile-align-left elementor-list-item-link-full_width elementor-widget elementor-widget-icon-list\" data-id=\"83c9f11\" data-element_type=\"widget\" data-widget_type=\"icon-list.default\">\n\t\t\t\t<div class=\"elementor-widget-container\">\n\t\t\t\t\t<ul class=\"elementor-icon-list-items elementor-inline-items\">\n\t\t\t\t\t\t\t<li class=\"elementor-icon-list-item elementor-inline-item\">\n\t\t\t\t\t\t\t\t\t\t<span class=\"elementor-icon-list-text\">Avocat criminaliste de renom<\/span>\n\t\t\t\t\t\t\t\t\t<\/li>\n\t\t\t\t\t\t\t\t<li class=\"elementor-icon-list-item elementor-inline-item\">\n\t\t\t\t\t\t\t\t\t\t<span class=\"elementor-icon-list-text\">Montr\u00e9al<\/span>\n\t\t\t\t\t\t\t\t\t<\/li>\n\t\t\t\t\t\t\t\t<li class=\"elementor-icon-list-item elementor-inline-item\">\n\t\t\t\t\t\t\t\t\t\t<span class=\"elementor-icon-list-text\">Ancien procureur de la Couronne<\/span>\n\t\t\t\t\t\t\t\t\t<\/li>\n\t\t\t\t\t\t<\/ul>\n\t\t\t\t<\/div>\n\t\t\t\t<\/div>\n\t\t\t\t<\/div>\n\t\t\t\t\t<\/div>\n\t\t\t\t<\/div>\n\t\t\t\t<\/div>\n\t\t<div class=\"elementor-element elementor-element-32a958a e-flex e-con-boxed e-con e-parent\" data-id=\"32a958a\" data-element_type=\"container\">\n\t\t\t\t\t<div class=\"e-con-inner\">\n\t\t<div class=\"elementor-element elementor-element-0a20303 e-con-full e-flex e-con e-child\" data-id=\"0a20303\" data-element_type=\"container\">\n\t\t\t\t<div class=\"elementor-element elementor-element-b747591 elementor-widget elementor-widget-heading\" data-id=\"b747591\" data-element_type=\"widget\" data-widget_type=\"heading.default\">\n\t\t\t\t<div class=\"elementor-widget-container\">\n\t\t\t<h3 class=\"elementor-heading-title elementor-size-default\">Avocat criminaliste bilingue<\/h3>\t\t<\/div>\n\t\t\t\t<\/div>\n\t\t\t\t<div class=\"elementor-element elementor-element-5a2a91c elementor-widget-divider--view-line elementor-widget elementor-widget-divider\" data-id=\"5a2a91c\" data-element_type=\"widget\" data-widget_type=\"divider.default\">\n\t\t\t\t<div class=\"elementor-widget-container\">\n\t\t\t\t\t<div class=\"elementor-divider\">\n\t\t\t<span class=\"elementor-divider-separator\">\n\t\t\t\t\t\t<\/span>\n\t\t<\/div>\n\t\t\t\t<\/div>\n\t\t\t\t<\/div>\n\t\t\t\t<div class=\"elementor-element elementor-element-39123ba elementor-widget elementor-widget-text-editor\" data-id=\"39123ba\" data-element_type=\"widget\" data-widget_type=\"text-editor.default\">\n\t\t\t\t<div class=\"elementor-widget-container\">\n\t\t\t\t\t\t\tDepuis son admission au Barreau du Qu\u00e9bec en 1976, la carri\u00e8re juridique de M<sup>e<\/sup>  Barbacki a prosp\u00e9r\u00e9. Dot\u00e9 d&rsquo;un baccalaur\u00e9at en sciences et en droit de l&rsquo;Universit\u00e9 McGill, il a occup\u00e9 des postes prestigieux, notamment celui de coordinateur de la Revue de droit criminel pour le Solliciteur g\u00e9n\u00e9ral du Canada. Sa vaste exp\u00e9rience englobe la poursuite criminelle, la d\u00e9fense et une expertise sp\u00e9cialis\u00e9e dans les affaires d&rsquo;extradition, ce qui en fait une autorit\u00e9 juridique tr\u00e8s respect\u00e9e.\t\t\t\t\t\t<\/div>\n\t\t\t\t<\/div>\n\t\t\t\t<div class=\"elementor-element elementor-element-7e67423 elementor-widget elementor-widget-text-editor\" data-id=\"7e67423\" data-element_type=\"widget\" data-widget_type=\"text-editor.default\">\n\t\t\t\t<div class=\"elementor-widget-container\">\n\t\t\t\t\t\t\t<ul>\n \t<li>Admis au Barreau du Qu\u00e9bec en 1976 et a commenc\u00e9 sa carri\u00e8re en tant que procureur de la Couronne \u00e0 Montr\u00e9al.<\/li>\n \t<li>D\u00e9tient un baccalaur\u00e9at en sciences et un baccalaur\u00e9at en droit de l&rsquo;Universit\u00e9 McGill.<\/li>\n \t<li>A occup\u00e9 plusieurs postes prestigieux, notamment en tant que coordinateur de la Revue de droit criminel pour le Solliciteur g\u00e9n\u00e9ral du Canada \u00e0 Ottawa, ainsi qu&rsquo;en tant que conf\u00e9rencier \u00e0 la Facult\u00e9 de droit de l&rsquo;Universit\u00e9 McGill, enseignant la proc\u00e9dure p\u00e9nale.<\/li>\n \t<li>Est entr\u00e9 en pratique priv\u00e9e en 1986 en tant qu&rsquo;avocat en d\u00e9fense p\u00e9nale. Il a particip\u00e9 \u00e0 des centaines de proc\u00e8s criminels, dont plus de 40 devant un juge et un jury, dont beaucoup \u00e9taient des affaires de meurtre.<\/li>\n \t \t<li>Une <strong>exp\u00e9rience consid\u00e9rable<\/strong> dans la poursuite et la d\u00e9fense d&rsquo;affaires de <a href=\"https:\/\/barbacki.asban.dev\/fr\/expertise\/white-collar-crime\/\"><strong>crime \u00e9conomique<\/strong><\/a>, telles que le vol et la fraude, ainsi qu&rsquo;un grand nombre de d\u00e9fenses r\u00e9ussies dans les cas d&rsquo; <strong><a href=\"https:\/\/barbacki.asban.dev\/fr\/expertise\/drug-offences-montreal\/\">infractions li\u00e9es aux drogues<\/a><\/strong>. Son bagage scientifique est inestimable pour traiter les aspects techniques des cas de <a href=\"https:\/\/barbacki.asban.dev\/fr\/expertise\/impaired-driving\/\"><strong>conduite avec facult\u00e9s affaiblies<\/strong><\/a> et dans les cas concernant l&rsquo;ivressom\u00e9tre.<\/li>\n \t<li>Une <strong>exp\u00e9rience \u00e9tendue<\/strong> dans les affaires de <strong><a href=\"https:\/\/barbacki.asban.dev\/fr\/expertise\/domestic-violence-montreal\/\">violence domestique<\/a><\/strong> et de <a href=\"https:\/\/barbacki.asban.dev\/fr\/expertise\/sexual-offence-montreal\/\"><strong>crimes sexuelles.<\/strong><\/a><\/li>\n<\/ul>\n<\/ul>\t\t\t\t\t\t<\/div>\n\t\t\t\t<\/div>\n\t\t\t\t<\/div>\n\t\t<div class=\"elementor-element elementor-element-9a5563b e-con-full e-flex e-con e-child\" data-id=\"9a5563b\" data-element_type=\"container\">\n\t\t\t\t<div class=\"elementor-element elementor-element-cca0809 elementor-widget__width-inherit elementor-widget-mobile__width-inherit elementor-widget elementor-widget-image\" data-id=\"cca0809\" data-element_type=\"widget\" data-widget_type=\"image.default\">\n\t\t\t\t<div class=\"elementor-widget-container\">\n\t\t\t\t\t\t\t\t\t\t\t\t\t<img fetchpriority=\"high\" decoding=\"async\" width=\"1080\" height=\"1729\" src=\"https:\/\/barbacki.asban.dev\/wp-content\/uploads\/Portrait.webp\" class=\"attachment-full size-full wp-image-2239\" alt=\"\" srcset=\"https:\/\/barbacki.asban.dev\/wp-content\/uploads\/Portrait.webp 1080w, https:\/\/barbacki.asban.dev\/wp-content\/uploads\/Portrait-187x300.webp 187w, https:\/\/barbacki.asban.dev\/wp-content\/uploads\/Portrait-640x1024.webp 640w, https:\/\/barbacki.asban.dev\/wp-content\/uploads\/Portrait-768x1230.webp 768w, https:\/\/barbacki.asban.dev\/wp-content\/uploads\/Portrait-959x1536.webp 959w\" sizes=\"(max-width: 1080px) 100vw, 1080px\" \/>\t\t\t\t\t\t\t\t\t\t\t\t\t<\/div>\n\t\t\t\t<\/div>\n\t\t\t\t<\/div>\n\t\t\t\t\t<\/div>\n\t\t\t\t<\/div>\n\t\t\t\t<\/div>\n\t\t","protected":false},"excerpt":{"rendered":"<p>Andrew Barbacki Avocat criminaliste de renom Montr\u00e9al Ancien procureur de la Couronne Avocat criminaliste bilingue Depuis son admission au Barreau du Qu\u00e9bec en 1976, la carri\u00e8re juridique de Me Barbacki a prosp\u00e9r\u00e9. Dot\u00e9 d&rsquo;un baccalaur\u00e9at en sciences et en droit de l&rsquo;Universit\u00e9 McGill, il a occup\u00e9 des postes prestigieux, notamment celui de coordinateur de la [&hellip;]<\/p>\n","protected":false},"author":1,"featured_media":0,"parent":0,"menu_order":0,"comment_status":"closed","ping_status":"closed","template":"elementor_header_footer","meta":{"footnotes":""},"class_list":["post-2401","page","type-page","status-publish","hentry"],"_links":{"self":[{"href":"https:\/\/barbacki.asban.dev\/fr\/wp-json\/wp\/v2\/pages\/2401","targetHints":{"allow":["GET"]}}],"collection":[{"href":"https:\/\/barbacki.asban.dev\/fr\/wp-json\/wp\/v2\/pages"}],"about":[{"href":"https:\/\/barbacki.asban.dev\/fr\/wp-json\/wp\/v2\/types\/page"}],"author":[{"embeddable":true,"href":"https:\/\/barbacki.asban.dev\/fr\/wp-json\/wp\/v2\/users\/1"}],"replies":[{"embeddable":true,"href":"https:\/\/barbacki.asban.dev\/fr\/wp-json\/wp\/v2\/comments?post=2401"}],"version-history":[{"count":13,"href":"https:\/\/barbacki.asban.dev\/fr\/wp-json\/wp\/v2\/pages\/2401\/revisions"}],"predecessor-version":[{"id":3043,"href":"https:\/\/barbacki.asban.dev\/fr\/wp-json\/wp\/v2\/pages\/2401\/revisions\/3043"}],"wp:attachment":[{"href":"https:\/\/barbacki.asban.dev\/fr\/wp-json\/wp\/v2\/media?parent=2401"}],"curies":[{"name":"wp","href":"https:\/\/api.w.org\/{rel}","templated":true}]}}